
	{"id":397,"date":"2017-11-07T13:21:24","date_gmt":"2017-11-07T13:21:24","guid":{"rendered":"http:\/\/localhost\/wordpress\/townpress-content\/?page_id=80"},"modified":"2022-07-04T17:27:32","modified_gmt":"2022-07-04T15:27:32","slug":"home-1","status":"publish","type":"page","link":"https:\/\/kgv.at\/","title":{"rendered":"Willkommen beim KGV Rosental,<br><em>  im 14. Wiener Gemeindebezirk!<\/em>"},"content":{"rendered":"\n<!-- TOWNPRESS SITEMAP : begin -->\n<section class=\"lsvr-townpress-sitemap\"\n    >\n    <div class=\"c-content-box lsvr-townpress-sitemap__inner\">\n\n                    <span class=\"lsvr-townpress-sitemap__icon icon-road-sign\"\n                aria-hidden=\"true\"><\/span>\n        \n        \n            <header class=\"lsvr-townpress-sitemap__header\">\n                <h2 class=\"lsvr-townpress-sitemap__title lsvr-townpress-sitemap__title--has-icon\">\n\n                                            <span class=\"lsvr-townpress-sitemap__title-icon icon-road-sign\"\n                            aria-hidden=\"true\"><\/span>\n                    \n                    Wegweiser\n                <\/h2>\n            <\/header>\n\n        \n        \n            <div class=\"lsvr-townpress-sitemap__content\">\n                <nav class=\"lsvr-townpress-sitemap__nav lsvr-townpress-sitemap__nav--3-cols\"\n                                            aria-label=\"Wegweiser\"\n                    >\n\n                    <ul id=\"menu-wegweiser\" class=\"lsvr-townpress-sitemap__list\" role=\"menu\">\n\n            <li class=\"lsvr-townpress-sitemap__item lsvr-townpress-sitemap__item--level-0 menu-item menu-item-type-post_type menu-item-object-page\"\n                role=\"presentation\">\n\n                \n                    <h3 class=\"lsvr-townpress-sitemap__item-title\">\n\n                \n                <a href=\"https:\/\/kgv.at\/?page_id=53\"\n                    class=\"lsvr-townpress-sitemap__item-link lsvr-townpress-sitemap__item-link--level-0\"\n                    role=\"menuitem\"\n                    >Geschichte<\/a>\n\n                \n                    <\/h3>\n\n                \n            \n            <\/li>\n\n            \n\n            <li class=\"lsvr-townpress-sitemap__item lsvr-townpress-sitemap__item--level-0 menu-item menu-item-type-post_type_archive menu-item-object-lsvr_document\"\n                role=\"presentation\">\n\n                \n                    <h3 class=\"lsvr-townpress-sitemap__item-title\">\n\n                \n                <a href=\"https:\/\/kgv.at\/?post_type=lsvr_document\"\n                    class=\"lsvr-townpress-sitemap__item-link lsvr-townpress-sitemap__item-link--level-0\"\n                    role=\"menuitem\"\n                    >Dokumente<\/a>\n\n                \n                    <\/h3>\n\n                \n            \n            <\/li>\n\n            \n\n            <li class=\"lsvr-townpress-sitemap__item lsvr-townpress-sitemap__item--level-0 menu-item menu-item-type-post_type menu-item-object-page\"\n                role=\"presentation\">\n\n                \n                    <h3 class=\"lsvr-townpress-sitemap__item-title\">\n\n                \n                <a href=\"https:\/\/kgv.at\/?page_id=54\"\n                    class=\"lsvr-townpress-sitemap__item-link lsvr-townpress-sitemap__item-link--level-0\"\n                    role=\"menuitem\"\n                    >Gruppen<\/a>\n\n                \n                    <\/h3>\n\n                \n            \n            <\/li>\n\n            \n\n            <li class=\"lsvr-townpress-sitemap__item lsvr-townpress-sitemap__item--level-0 menu-item menu-item-type-post_type menu-item-object-page\"\n                role=\"presentation\">\n\n                \n                    <h3 class=\"lsvr-townpress-sitemap__item-title\">\n\n                \n                <a href=\"https:\/\/kgv.at\/?page_id=134\"\n                    class=\"lsvr-townpress-sitemap__item-link lsvr-townpress-sitemap__item-link--level-0\"\n                    role=\"menuitem\"\n                    >Kontakt<\/a>\n\n                \n                    <\/h3>\n\n                \n            \n            <\/li>\n\n            \n\n            <li class=\"lsvr-townpress-sitemap__item lsvr-townpress-sitemap__item--level-0 menu-item menu-item-type-post_type menu-item-object-page\"\n                role=\"presentation\">\n\n                \n                    <h3 class=\"lsvr-townpress-sitemap__item-title\">\n\n                \n                <a href=\"https:\/\/kgv.at\/?page_id=124\"\n                    class=\"lsvr-townpress-sitemap__item-link lsvr-townpress-sitemap__item-link--level-0\"\n                    role=\"menuitem\"\n                    >Vereinsleitung<\/a>\n\n                \n                    <\/h3>\n\n                \n            \n            <\/li>\n\n            \n\n            <li class=\"lsvr-townpress-sitemap__item lsvr-townpress-sitemap__item--level-0 menu-item menu-item-type-post_type menu-item-object-page current_page_parent\"\n                role=\"presentation\">\n\n                \n                    <h3 class=\"lsvr-townpress-sitemap__item-title\">\n\n                \n                <a href=\"https:\/\/kgv.at\/?page_id=396\"\n                    class=\"lsvr-townpress-sitemap__item-link lsvr-townpress-sitemap__item-link--level-0\"\n                    role=\"menuitem\"\n                    >Aktuelles<\/a>\n\n                \n                    <\/h3>\n\n                \n            \n            <\/li>\n\n            <\/ul>\n                <\/nav>\n            <\/div>\n\n        \n    <\/div>\n<\/section>\n<!-- TOWNPRESS SITEMAP : end -->\n\n\n\n\n<!-- TOWNPRESS POSTS : begin -->\n<section class=\"lsvr-townpress-posts\"\n    >\n    <div class=\"c-content-box lsvr-townpress-posts__inner\">\n\n                    <span class=\"lsvr-townpress-posts__icon icon-reading\"\n                aria-hidden=\"true\"><\/span>\n        \n        \n            <header class=\"lsvr-townpress-posts__header\">\n                <h2 class=\"lsvr-townpress-posts__title lsvr-townpress-posts__title--has-icon\">\n\n                                            <span class=\"lsvr-townpress-posts__title-icon icon-reading\"\n                            aria-hidden=\"true\"><\/span>\n                    \n                    \n                        <a href=\"https:\/\/kgv.at\/?cat=1\"\n                            class=\"lsvr-townpress-posts__title-link\">\n\n                    \n                        \u00dcber uns\n                    <\/a>\n\n                <\/h2>\n            <\/header>\n\n        \n        <div class=\"lsvr-townpress-posts__content\">\n\n            \n                <ul class=\"lsvr-townpress-posts__list\">\n\n                    \n                        \n                            <li class=\"lsvr-townpress-posts__item lsvr-townpress-posts__item--featured\">\n\n                                <article class=\"lsvr-townpress-posts__post post-1307 post type-post status-publish format-standard hentry category-allgemein\">\n                                    <div class=\"lsvr-townpress-posts__post-inner\">\n\n                                        <header class=\"lsvr-townpress-posts__post-header\">\n\n                                            \n                                            <h3 class=\"lsvr-townpress-posts__post-title\">\n                                                <a href=\"https:\/\/kgv.at\/?p=1307\" class=\"lsvr-townpress-posts__post-title-link\" rel=\"bookmark\">\n                                                    Der Kleingartenverein Rosental                                                <\/a>\n                                            <\/h3>\n\n                                            <p class=\"lsvr-townpress-posts__post-meta\">\n\n                                                <span class=\"lsvr-townpress-posts__post-meta-date\" role=\"group\">\n                                                    13. September 2022                                                <\/span>\n\n                                                <span class=\"lsvr-townpress-posts__post-meta-categories\" role=\"group\">\n                                                    \n\t\t\t<span class=\"post__terms\">\n\t\t\t\tin <a href=\"https:\/\/kgv.at\/?cat=1\" class=\"post__term-link\">Allgemein<\/a>\t\t\t<\/span>\n\n\t\t                                                <\/span>\n\n                                            <\/p>\n\n                                        <\/header>\n\n                                        <div class=\"lsvr-townpress-posts__post-content\">\n\n                                            \n                                                <!-- wp:paragraph -->\n<p>Der Kleingartenverein Rosental wurde 1910 von Julius Strau\u00dfghitel als erster Wiener Kleingartenverein unter dem Namen \u201eSchreberg\u00e4rten in Wien und Umgebung\u201c gegr\u00fcndet. Heute z\u00e4hlt er zu den gr\u00f6\u00dften in \u00d6sterreich, erstreckt sich auf einer Gesamtfl\u00e4che von rund 38 ha und besteht aus 12 Gruppen mit insgesamt 895 Parzellen. Die Gruppen befinden sich in den Bezirken Penzing und Ottakring und liegen rund um das Otto-Wagner-Spital und die Steinhofgr\u00fcnde. Durch den Nahbereich zum Wienerwald wird die Umgebung von vielen Menschen f\u00fcr Spazierg\u00e4nge, Ausfl\u00fcge und Sport gen\u00fctzt. Am 27. Juni 1982 wurde unser Kleingartenverein Rosental mit der \u201eGoldenen Rose\u201c ausgezeichnet. Das ist die h\u00f6chstm\u00f6gliche internationale Auszeichnung, die ein Kleingartenverein bekommen kann. Der Verein, dessen T\u00e4tigkeit nicht auf Gewinn gerichtet ist, strebt generell die F\u00f6rderung des Kleingartenwesens an \u2013 und in diesem Rahmen die Wahrung der gemeinsamen Interessen jener, deren Kleing\u00e4rten sich in den Anlagen des Vereins befinden.<\/p>\n<!-- \/wp:paragraph -->\n\n<!-- wp:paragraph -->\n\n<!-- \/wp:paragraph -->\n\n<!-- wp:heading -->\n<h2 class=\"wp-block-heading\"><\/h2>\n<!-- \/wp:heading -->\n\n<!-- wp:paragraph -->\n\n<!-- \/wp:paragraph -->\n\n<!-- wp:paragraph -->\n<p><strong><a href=\"https:\/\/kgv.at\/?p=1364\">\u00d6ffnungszeiten<\/a><\/strong><\/p>\n<!-- \/wp:paragraph -->\n\n<!-- wp:paragraph -->\n<p>Unser B\u00fcro am Heschweg 320, 1140 Wien ist am <strong>Montag von 15.00 bis 17.00 Uhr<\/strong> ge\u00f6ffnet. Sie erreichen uns auch unter <strong>Tel. 01\/914 07 82<\/strong> oder <strong>rosental@kgv.at<\/strong><\/p>\n<!-- \/wp:paragraph -->\n\n<!-- wp:paragraph -->\n\n<!-- \/wp:paragraph -->\n                                            \n                                        <\/div>\n\n                                    <\/div>\n                                <\/article>\n\n                            <\/li>\n\n                        \n                    \n                <\/ul>\n\n            \n        <\/div>\n\n        \n    <\/div>\n<\/section>\n<!-- TOWNPRESS POSTS : end -->\n\n\n\n\n<!-- TOWNPRESS POSTS : begin -->\n<section class=\"lsvr-townpress-posts\"\n    >\n    <div class=\"c-content-box lsvr-townpress-posts__inner\">\n\n                    <span class=\"lsvr-townpress-posts__icon icon-bullhorn\"\n                aria-hidden=\"true\"><\/span>\n        \n        \n            <header class=\"lsvr-townpress-posts__header\">\n                <h2 class=\"lsvr-townpress-posts__title lsvr-townpress-posts__title--has-icon\">\n\n                                            <span class=\"lsvr-townpress-posts__title-icon icon-bullhorn\"\n                            aria-hidden=\"true\"><\/span>\n                    \n                    \n                        <a href=\"https:\/\/kgv.at\/?cat=180\"\n                            class=\"lsvr-townpress-posts__title-link\">\n\n                    \n                        Aktuelles\n                    <\/a>\n\n                <\/h2>\n            <\/header>\n\n        \n        <div class=\"lsvr-townpress-posts__content\">\n\n            \n                <ul class=\"lsvr-townpress-posts__list\">\n\n                    \n                        \n                            <li class=\"lsvr-townpress-posts__item lsvr-townpress-posts__item--short\">\n\n                                <article class=\"lsvr-townpress-posts__post post-1394 post type-post status-publish format-standard hentry category-aktuelles\">\n\n                                    <h3 class=\"lsvr-townpress-posts__post-title\">\n                                        <a href=\"https:\/\/kgv.at\/?p=1394\" class=\"lsvr-townpress-posts__post-title-link\" rel=\"bookmark\">\n                                            Neue Sprechstunden-Zeiten Gruppe Stammanlage                                        <\/a>\n                                    <\/h3>\n\n                                    <p class=\"lsvr-townpress-posts__post-meta\">\n                                        <span class=\"lsvr-townpress-posts__post-meta-date\">\n                                            2. September 2025                                        <\/span>\n                                    <\/p>\n\n                                <\/article>\n\n                            <\/li>\n\n                        \n                    \n                        \n                            <li class=\"lsvr-townpress-posts__item lsvr-townpress-posts__item--short\">\n\n                                <article class=\"lsvr-townpress-posts__post post-1382 post type-post status-publish format-standard hentry category-aktuelles\">\n\n                                    <h3 class=\"lsvr-townpress-posts__post-title\">\n                                        <a href=\"https:\/\/kgv.at\/?p=1382\" class=\"lsvr-townpress-posts__post-title-link\" rel=\"bookmark\">\n                                            FachberaterInnen                                        <\/a>\n                                    <\/h3>\n\n                                    <p class=\"lsvr-townpress-posts__post-meta\">\n                                        <span class=\"lsvr-townpress-posts__post-meta-date\">\n                                            23. Juni 2025                                        <\/span>\n                                    <\/p>\n\n                                <\/article>\n\n                            <\/li>\n\n                        \n                    \n                        \n                            <li class=\"lsvr-townpress-posts__item lsvr-townpress-posts__item--short\">\n\n                                <article class=\"lsvr-townpress-posts__post post-1239 post type-post status-publish format-standard hentry category-aktuelles\">\n\n                                    <h3 class=\"lsvr-townpress-posts__post-title\">\n                                        <a href=\"https:\/\/kgv.at\/?p=1239\" class=\"lsvr-townpress-posts__post-title-link\" rel=\"bookmark\">\n                                            Aktion Obst- statt Nadelbaum                                        <\/a>\n                                    <\/h3>\n\n                                    <p class=\"lsvr-townpress-posts__post-meta\">\n                                        <span class=\"lsvr-townpress-posts__post-meta-date\">\n                                            9. Juli 2022                                        <\/span>\n                                    <\/p>\n\n                                <\/article>\n\n                            <\/li>\n\n                        \n                    \n                <\/ul>\n\n            \n        <\/div>\n\n        \n    <\/div>\n<\/section>\n<!-- TOWNPRESS POSTS : end -->\n\n\n\n\n\n","protected":false},"excerpt":{"rendered":"","protected":false},"author":1,"featured_media":0,"parent":0,"menu_order":0,"comment_status":"closed","ping_status":"closed","template":"page-templates\/not-boxed.php","meta":{"arc_restricted_post":false,"wp_mapbox_gl_js_media":[],"_mi_skip_tracking":false,"_monsterinsights_sitenote_active":false,"_monsterinsights_sitenote_note":"","_monsterinsights_sitenote_category":0,"ngg_post_thumbnail":0,"footnotes":""},"class_list":["post-397","page","type-page","status-publish","hentry"],"_links":{"self":[{"href":"https:\/\/kgv.at\/index.php?rest_route=\/wp\/v2\/pages\/397","targetHints":{"allow":["GET"]}}],"collection":[{"href":"https:\/\/kgv.at\/index.php?rest_route=\/wp\/v2\/pages"}],"about":[{"href":"https:\/\/kgv.at\/index.php?rest_route=\/wp\/v2\/types\/page"}],"author":[{"embeddable":true,"href":"https:\/\/kgv.at\/index.php?rest_route=\/wp\/v2\/users\/1"}],"replies":[{"embeddable":true,"href":"https:\/\/kgv.at\/index.php?rest_route=%2Fwp%2Fv2%2Fcomments&post=397"}],"version-history":[{"count":37,"href":"https:\/\/kgv.at\/index.php?rest_route=\/wp\/v2\/pages\/397\/revisions"}],"predecessor-version":[{"id":1158,"href":"https:\/\/kgv.at\/index.php?rest_route=\/wp\/v2\/pages\/397\/revisions\/1158"}],"wp:attachment":[{"href":"https:\/\/kgv.at\/index.php?rest_route=%2Fwp%2Fv2%2Fmedia&parent=397"}],"curies":[{"name":"wp","href":"https:\/\/api.w.org\/{rel}","templated":true}]}}