
	{"id":53,"date":"2022-05-02T13:50:07","date_gmt":"2022-05-02T11:50:07","guid":{"rendered":"http:\/\/waldemar.kgv.at\/?page_id=53"},"modified":"2022-07-29T17:01:36","modified_gmt":"2022-07-29T15:01:36","slug":"geschichte-2","status":"publish","type":"page","link":"https:\/\/kgv.at\/?page_id=53","title":{"rendered":"Geschichte des KGV Rosental"},"content":{"rendered":"\n<p><strong>1909<\/strong><br>Entstehung des Vereins \u201eSchreberg\u00e4rten Wien und Umgebung\u201c \u2013 heute \u201eKleingartenverein Rosental\u201c<\/p>\n\n\n\n<p><br><strong>1910<\/strong><br>Pachtung der Rosentalgr\u00fcnde<\/p>\n\n\n\n<figure class=\"wp-block-image size-large is-resized\"><img loading=\"lazy\" decoding=\"async\" src=\"http:\/\/waldemar.kgv.at\/wp-content\/uploads\/2022\/07\/Auszug_aus_dem_historischen_Pachtvertrag_von_1910-758x1024.jpg\" alt=\"\" class=\"wp-image-1223\" width=\"291\" height=\"392\" srcset=\"https:\/\/kgv.at\/wp-content\/uploads\/2022\/07\/Auszug_aus_dem_historischen_Pachtvertrag_von_1910-758x1024.jpg 758w, https:\/\/kgv.at\/wp-content\/uploads\/2022\/07\/Auszug_aus_dem_historischen_Pachtvertrag_von_1910-222x300.jpg 222w, https:\/\/kgv.at\/wp-content\/uploads\/2022\/07\/Auszug_aus_dem_historischen_Pachtvertrag_von_1910-768x1037.jpg 768w, https:\/\/kgv.at\/wp-content\/uploads\/2022\/07\/Auszug_aus_dem_historischen_Pachtvertrag_von_1910-1137x1536.jpg 1137w, https:\/\/kgv.at\/wp-content\/uploads\/2022\/07\/Auszug_aus_dem_historischen_Pachtvertrag_von_1910-1517x2048.jpg 1517w, https:\/\/kgv.at\/wp-content\/uploads\/2022\/07\/Auszug_aus_dem_historischen_Pachtvertrag_von_1910-9x12.jpg 9w, https:\/\/kgv.at\/wp-content\/uploads\/2022\/07\/Auszug_aus_dem_historischen_Pachtvertrag_von_1910-18x24.jpg 18w, https:\/\/kgv.at\/wp-content\/uploads\/2022\/07\/Auszug_aus_dem_historischen_Pachtvertrag_von_1910-27x36.jpg 27w, https:\/\/kgv.at\/wp-content\/uploads\/2022\/07\/Auszug_aus_dem_historischen_Pachtvertrag_von_1910-36x48.jpg 36w, https:\/\/kgv.at\/wp-content\/uploads\/2022\/07\/Auszug_aus_dem_historischen_Pachtvertrag_von_1910-scaled.jpg 1896w\" sizes=\"auto, (max-width: 291px) 100vw, 291px\" \/><figcaption><em>Auszug aus dem historischen Pachtvertrag von 1910<\/em><\/figcaption><\/figure>\n\n\n\n<p><br><strong>1911<\/strong><br>Vergabe von Parzellen<br>Einz\u00e4unung der Rosentalgr\u00fcnde<br>Anlage der G\u00e4rten<br>Errichtung von Werkzeugh\u00fctten und Gartenlauben<br>Bau des Gro\u00dfen Schutzhauses<\/p>\n\n\n\n<p><br><strong>1913<\/strong><br>Anschluss an die 2. Wiener Hochquellen-Wasserleitung<br>Ausarbeitung einer Schrebergartenordnung<br>Die M\u00f6glichkeit, in den G\u00e4rten zu \u00fcbernachten, wird positiv ausverhandelt.<\/p>\n\n\n\n<p><br><strong>1916<\/strong><br>Die \u201eRosentaler\u201c initiieren die Gr\u00fcndung des Zentralverbandes. Der Rosentaler Johann Nikolaus wird zum ersten Obmann des \u201eZentralverbandes der Kleing\u00e4rtner und Siedler\u201c gew\u00e4hlt.<\/p>\n\n\n\n<figure class=\"wp-block-image size-large is-resized\"><img loading=\"lazy\" decoding=\"async\" src=\"http:\/\/waldemar.kgv.at\/wp-content\/uploads\/2022\/07\/Das_alte_Schutzhaus_Rosental2-1024x620.jpg\" alt=\"\" class=\"wp-image-1227\" width=\"561\" height=\"339\" srcset=\"https:\/\/kgv.at\/wp-content\/uploads\/2022\/07\/Das_alte_Schutzhaus_Rosental2-1024x620.jpg 1024w, https:\/\/kgv.at\/wp-content\/uploads\/2022\/07\/Das_alte_Schutzhaus_Rosental2-300x182.jpg 300w, https:\/\/kgv.at\/wp-content\/uploads\/2022\/07\/Das_alte_Schutzhaus_Rosental2-768x465.jpg 768w, https:\/\/kgv.at\/wp-content\/uploads\/2022\/07\/Das_alte_Schutzhaus_Rosental2-1536x930.jpg 1536w, https:\/\/kgv.at\/wp-content\/uploads\/2022\/07\/Das_alte_Schutzhaus_Rosental2-2048x1241.jpg 2048w, https:\/\/kgv.at\/wp-content\/uploads\/2022\/07\/Das_alte_Schutzhaus_Rosental2-18x12.jpg 18w, https:\/\/kgv.at\/wp-content\/uploads\/2022\/07\/Das_alte_Schutzhaus_Rosental2-24x15.jpg 24w, https:\/\/kgv.at\/wp-content\/uploads\/2022\/07\/Das_alte_Schutzhaus_Rosental2-36x22.jpg 36w, https:\/\/kgv.at\/wp-content\/uploads\/2022\/07\/Das_alte_Schutzhaus_Rosental2-48x29.jpg 48w\" sizes=\"auto, (max-width: 561px) 100vw, 561px\" \/><figcaption><em>Das alte Schutzhaus Rosental<\/em><\/figcaption><\/figure>\n\n\n\n<p><br><strong>1931<\/strong><br>Die Anzahl der G\u00e4rten hat sich von ca. 400 im Entstehungsjahr auf ca.850 mehr als verdoppelt.<\/p>\n\n\n\n<p><br><strong>1934 \u2013 1938<\/strong><br>Zeitweise Aufl\u00f6sung des Vereins im austrofaschistischen St\u00e4ndestaat wegen T\u00e4tigkeiten im sozialdemokratischen Sinn.<\/p>\n\n\n\n<p><br><strong>1938<\/strong><br>Zwangseingliederung in den \u201eReichsbund Deutscher Kleing\u00e4rten\u201c. Lt. Erlass des Reichsarbeitsministers \u201eist Sorge zu tragen, dass ungeeigneten Familien gek\u00fcndigt wird\u2026.\u201c<\/p>\n\n\n\n<p><br><strong>1945<\/strong><br>Wiederaufbau, eine demokratische Vereinsleitung wird gew\u00e4hlt.<\/p>\n\n\n\n<p><br><strong>1982<\/strong><br>Der \u201eKleingarten- und Wirtschaftsverein Rosental\u201c erh\u00e4lt die h\u00f6chste internationale Auszeichnung \u201eDie goldene Rose\u201c.<\/p>\n\n\n\n<p><br><strong>1992<\/strong><br>Beginn der Umwidmung auf Eklw (Erholungsgebiet Kleingarten f\u00fcr ganzj\u00e4hriges Wohnen). Das ganzj\u00e4hrige Wohnen und eine Verbauung von maximal 50 m\u00b2 wird damit m\u00f6glich.<\/p>\n\n\n\n<p><br><strong>1999<\/strong><br>Die ersten Pachtgr\u00fcnde werden im Eigentum erworben.<\/p>\n\n\n\n<p><br><strong>2009<\/strong><br>Umbenennung von \u201eKleingarten- und Wirtschaftsverein Rosental\u201c in \u201eKleingartenverein Rosental\u201d<\/p>\n\n\n\n<p><br><strong>2010<\/strong><br>100-Jahre Jubil\u00e4um mit gro\u00dfer Feier und Festschrift<\/p>\n\n\n\n<p><br><strong>2019<\/strong><br>Alle 12 Gruppen sind fast zur G\u00e4nze auf EklW (ganzj\u00e4hriges Wohnen) umgewidmet.<\/p>\n\n\n\n<p><br><\/p>\n\n\n\n        \t\n\t<style type=\"text\/css\">\n\t\t.slider-info-824.bafg-slider-info .bafg-slider-title {\n\t\t\t\t\t\tfont-size: 22px;\n\t\t\t\t\t\t\n\t\t\t\n\t\t\t\t\t}\n\n\t\t.slider-info-824.bafg-slider-info .bafg-slider-description {\n\t\t\t\n\t\t\t\n\t\t\t\t\t}\n\n\t\t.slider-info-824.bafg-slider-info .bafg_slider_readmore_button {\n\t\t\t\n\t\t\t\n\t\t\t\n\t\t\t\n\t\t\t\n\t\t\ttext-align: center;\n\n\t\t\t\n\t\t\t\n\t\t\t\n\t\t\t\n\t\t\t\n\t\t\t\n\t\t\t\t\t}\n\n\t\t.slider-info-824.bafg-slider-info .bafg_slider_readmore_button:hover {\n\n\t\t\t\n\t\t\t\n\t\t\t\t\t}\n\n\t<\/style>\n\t\n        <div class=\"bafg-twentytwenty-container slider-824 \" bafg-orientation=\"horizontal\" bafg-default-offset=\"0.5\" bafg-before-label=\"Einst\" bafg-after-label=\"Heute\" bafg-overlay=\"yes\" bafg-move-slider-on-hover=\"yes\" bafg-click-to-move=\"no\">\n            \n          \n            <img decoding=\"async\" class=\"skip-lazy\" data-skip-lazy src=\"https:\/\/kgv.at\/wp-content\/uploads\/2022\/07\/SA-1924-scaled.jpg\" alt=\"\">\n            <img decoding=\"async\" class=\"skip-lazy\" data-skip-lazy src=\"https:\/\/kgv.at\/wp-content\/uploads\/2022\/07\/SA-2020.jpg\" alt=\"\">\n           \n        <\/div>\n\n        \t<div class=\"bafg-slider-info-wraper\">\n\t\t<div style=\"\" class=\"slider-info-824 bafg-slider-info\">\n\t\t\t\t\t<\/div>\n\t<\/div>\n\t\n        <style type=\"text\/css\">\n            \n        <\/style>\n        \n\n\n\n\n\n\n\n\n\n\n\n\n\n\n\n<p><strong>Satzberg alt einst\/heute<\/strong> <\/p>\n\n\n\n        \t\n\t<style type=\"text\/css\">\n\t\t.slider-info-831.bafg-slider-info .bafg-slider-title {\n\t\t\t\t\t\tfont-size: 22px;\n\t\t\t\t\t\t\n\t\t\t\n\t\t\t\t\t}\n\n\t\t.slider-info-831.bafg-slider-info .bafg-slider-description {\n\t\t\t\n\t\t\t\n\t\t\t\t\t}\n\n\t\t.slider-info-831.bafg-slider-info .bafg_slider_readmore_button {\n\t\t\t\n\t\t\t\n\t\t\t\n\t\t\t\n\t\t\t\n\t\t\ttext-align: center;\n\n\t\t\t\n\t\t\t\n\t\t\t\n\t\t\t\n\t\t\t\n\t\t\t\n\t\t\t\t\t}\n\n\t\t.slider-info-831.bafg-slider-info .bafg_slider_readmore_button:hover {\n\n\t\t\t\n\t\t\t\n\t\t\t\t\t}\n\n\t<\/style>\n\t\n        <div class=\"bafg-twentytwenty-container slider-831 \" bafg-orientation=\"horizontal\" bafg-default-offset=\"0.5\" bafg-before-label=\"einst \" bafg-after-label=\"heute\" bafg-overlay=\"yes\" bafg-move-slider-on-hover=\"no\" bafg-click-to-move=\"no\">\n            \n          \n            <img decoding=\"async\" class=\"skip-lazy\" data-skip-lazy src=\"https:\/\/kgv.at\/wp-content\/uploads\/2022\/07\/Stammanlage-einst.jpg\" alt=\"\">\n            <img decoding=\"async\" class=\"skip-lazy\" data-skip-lazy src=\"https:\/\/kgv.at\/wp-content\/uploads\/2022\/07\/Stammanlage-heute-scaled.jpg\" alt=\"\">\n           \n        <\/div>\n\n        \t<div class=\"bafg-slider-info-wraper\">\n\t\t<div style=\"\" class=\"slider-info-831 bafg-slider-info\">\n\t\t\t\t\t<\/div>\n\t<\/div>\n\t\n        <style type=\"text\/css\">\n            \n        <\/style>\n        \n\n\n\n<p><strong>Stammanlage einst\/heute<\/strong><\/p>\n","protected":false},"excerpt":{"rendered":"<p>1909Entstehung des Vereins \u201eSchreberg\u00e4rten Wien und Umgebung\u201c \u2013 heute \u201eKleingartenverein Rosental\u201c 1910Pachtung der Rosentalgr\u00fcnde 1911Vergabe von ParzellenEinz\u00e4unung der Rosentalgr\u00fcndeAnlage der G\u00e4rtenErrichtung von Werkzeugh\u00fctten und GartenlaubenBau des Gro\u00dfen Schutzhauses 1913Anschluss an die 2. Wiener Hochquellen-WasserleitungAusarbeitung einer SchrebergartenordnungDie M\u00f6glichkeit, in den G\u00e4rten zu \u00fcbernachten, wird positiv ausverhandelt. 1916Die \u201eRosentaler\u201c initiieren die Gr\u00fcndung des Zentralverbandes. Der Rosentaler Johann [&hellip;]<\/p>\n","protected":false},"author":1,"featured_media":0,"parent":0,"menu_order":0,"comment_status":"closed","ping_status":"closed","template":"","meta":{"arc_restricted_post":false,"wp_mapbox_gl_js_media":[],"_mi_skip_tracking":false,"_monsterinsights_sitenote_active":false,"_monsterinsights_sitenote_note":"","_monsterinsights_sitenote_category":0,"ngg_post_thumbnail":0,"footnotes":""},"class_list":["post-53","page","type-page","status-publish","hentry"],"_links":{"self":[{"href":"https:\/\/kgv.at\/index.php?rest_route=\/wp\/v2\/pages\/53","targetHints":{"allow":["GET"]}}],"collection":[{"href":"https:\/\/kgv.at\/index.php?rest_route=\/wp\/v2\/pages"}],"about":[{"href":"https:\/\/kgv.at\/index.php?rest_route=\/wp\/v2\/types\/page"}],"author":[{"embeddable":true,"href":"https:\/\/kgv.at\/index.php?rest_route=\/wp\/v2\/users\/1"}],"replies":[{"embeddable":true,"href":"https:\/\/kgv.at\/index.php?rest_route=%2Fwp%2Fv2%2Fcomments&post=53"}],"version-history":[{"count":26,"href":"https:\/\/kgv.at\/index.php?rest_route=\/wp\/v2\/pages\/53\/revisions"}],"predecessor-version":[{"id":1232,"href":"https:\/\/kgv.at\/index.php?rest_route=\/wp\/v2\/pages\/53\/revisions\/1232"}],"wp:attachment":[{"href":"https:\/\/kgv.at\/index.php?rest_route=%2Fwp%2Fv2%2Fmedia&parent=53"}],"curies":[{"name":"wp","href":"https:\/\/api.w.org\/{rel}","templated":true}]}}