
	{"id":54,"date":"2022-05-02T13:50:07","date_gmt":"2022-05-02T11:50:07","guid":{"rendered":"http:\/\/waldemar.kgv.at\/?page_id=54"},"modified":"2025-10-25T12:33:07","modified_gmt":"2025-10-25T10:33:07","slug":"gruppen","status":"publish","type":"page","link":"https:\/\/kgv.at\/?page_id=54","title":{"rendered":"Gruppen"},"content":{"rendered":"\n<p><strong>Zum KGV Rosental geh\u00f6ren zw\u00f6lf Gruppen, die um das Otto-Wagner-Spital und die Steinhofgr\u00fcnde angesiedelt sind.<\/strong><\/p>\n\n\n\n<div style=\"height:480px; width:100%; border:2px solid #fff; display:inline-block; overflow:hidden;\">\n<iframe loading=\"lazy\" style=\"position:relative; top:-60px; border:none;\" src=\"https:\/\/www.google.com\/maps\/d\/u\/0\/embed?mid=10b-C0V8yrvA-QJCxZ8Rfq5GWH-FFPVg&amp;ehbc=2E312F\" width=\"100%\" height=\"480\"><\/iframe>\n<\/div>\n\n\n\n<p>\u00dcbersicht: An der Steinhofmauer = STF, Baumgartner H\u00f6he = BH, Brunnerwiese = BW, Dehnepark = DP, Raimannstra\u00dfe = RST, Sanatoriumstra\u00dfe = SAN, Satzberg Alt = SA, Satzberg Neu = SN, Stammanlage Rosental = R, Stanaboden = SB, Starchanstsaigen = STA, Voksheim = VH<\/p>\n\n\n\n<div style=\"height:100px\" aria-hidden=\"true\" class=\"wp-block-spacer\"><\/div>\n\n\n\n<p><a href=\"http:\/\/waldemar.kgv.at\/?cat=166\" data-type=\"URL\" data-id=\"http:\/\/waldemar.kgv.at\/?cat=166\">An der Steinhofmauer<\/a> (STF)<\/p>\n\n\n\n<p>Die Gruppe An der Steinhofmauer wurde 1915 gegr\u00fcndet und umfasst 28 Parzellen auf einer Gesamtfl\u00e4che von rund 12.500 m\u00b2. Auch hier ist durch die Widmung Eklw ganzj\u00e4hriges Wohnen m\u00f6glich.<\/p>\n\n\n\n<figure class=\"wp-block-image size-large is-resized\"><img loading=\"lazy\" decoding=\"async\" width=\"1024\" height=\"768\" src=\"http:\/\/waldemar.kgv.at\/wp-content\/uploads\/2022\/07\/Gruppe-An-der-Steinhofmauer-2009-1024x768.jpg\" alt=\"\" class=\"wp-image-1173\" style=\"width:554px;height:415px\" srcset=\"https:\/\/kgv.at\/wp-content\/uploads\/2022\/07\/Gruppe-An-der-Steinhofmauer-2009-1024x768.jpg 1024w, https:\/\/kgv.at\/wp-content\/uploads\/2022\/07\/Gruppe-An-der-Steinhofmauer-2009-300x225.jpg 300w, https:\/\/kgv.at\/wp-content\/uploads\/2022\/07\/Gruppe-An-der-Steinhofmauer-2009-768x576.jpg 768w, https:\/\/kgv.at\/wp-content\/uploads\/2022\/07\/Gruppe-An-der-Steinhofmauer-2009-1536x1152.jpg 1536w, https:\/\/kgv.at\/wp-content\/uploads\/2022\/07\/Gruppe-An-der-Steinhofmauer-2009-2048x1536.jpg 2048w, https:\/\/kgv.at\/wp-content\/uploads\/2022\/07\/Gruppe-An-der-Steinhofmauer-2009-16x12.jpg 16w, https:\/\/kgv.at\/wp-content\/uploads\/2022\/07\/Gruppe-An-der-Steinhofmauer-2009-24x18.jpg 24w, https:\/\/kgv.at\/wp-content\/uploads\/2022\/07\/Gruppe-An-der-Steinhofmauer-2009-36x27.jpg 36w, https:\/\/kgv.at\/wp-content\/uploads\/2022\/07\/Gruppe-An-der-Steinhofmauer-2009-48x36.jpg 48w\" sizes=\"auto, (max-width: 1024px) 100vw, 1024px\" \/><figcaption class=\"wp-element-caption\"><em>Gruppe An der Steinhofmauer 2009<\/em><\/figcaption><\/figure>\n\n\n\n\n\n\n\n<div style=\"height:100px\" aria-hidden=\"true\" class=\"wp-block-spacer\"><\/div>\n\n\n\n<p><a href=\"http:\/\/kgv.at\/category\/baumgartner-hoehe\/\">Baumgartner H\u00f6he<\/a> (BH)<\/p>\n\n\n\n<p>Die Gruppe Baumgartner H\u00f6he wurde 1915 gegr\u00fcndet und umfasst 47 Parzellen auf einer Gesamtfl\u00e4che von rund 16.300 m\u00b2. Auch hier ist durch die Widmung Eklw ganzj\u00e4hriges Wohnen m\u00f6glich.<\/p>\n\n\n\n<figure class=\"wp-block-image size-large is-resized\"><img loading=\"lazy\" decoding=\"async\" width=\"1024\" height=\"700\" src=\"http:\/\/waldemar.kgv.at\/wp-content\/uploads\/2022\/07\/Gruppe-Baumgartner-Ho\u0308he-1915-1024x700.jpg\" alt=\"\" class=\"wp-image-1208\" style=\"width:549px;height:375px\" srcset=\"https:\/\/kgv.at\/wp-content\/uploads\/2022\/07\/Gruppe-Baumgartner-Ho\u0308he-1915-1024x700.jpg 1024w, https:\/\/kgv.at\/wp-content\/uploads\/2022\/07\/Gruppe-Baumgartner-Ho\u0308he-1915-300x205.jpg 300w, https:\/\/kgv.at\/wp-content\/uploads\/2022\/07\/Gruppe-Baumgartner-Ho\u0308he-1915-768x525.jpg 768w, https:\/\/kgv.at\/wp-content\/uploads\/2022\/07\/Gruppe-Baumgartner-Ho\u0308he-1915-1536x1049.jpg 1536w, https:\/\/kgv.at\/wp-content\/uploads\/2022\/07\/Gruppe-Baumgartner-Ho\u0308he-1915-18x12.jpg 18w, https:\/\/kgv.at\/wp-content\/uploads\/2022\/07\/Gruppe-Baumgartner-Ho\u0308he-1915-24x16.jpg 24w, https:\/\/kgv.at\/wp-content\/uploads\/2022\/07\/Gruppe-Baumgartner-Ho\u0308he-1915-36x25.jpg 36w, https:\/\/kgv.at\/wp-content\/uploads\/2022\/07\/Gruppe-Baumgartner-Ho\u0308he-1915-48x33.jpg 48w\" sizes=\"auto, (max-width: 1024px) 100vw, 1024px\" \/><figcaption class=\"wp-element-caption\"><em>Gruppe Baumgartner H\u00f6he, 1915<\/em><\/figcaption><\/figure>\n\n\n\n<div style=\"height:100px\" aria-hidden=\"true\" class=\"wp-block-spacer\"><\/div>\n\n\n\n<p><a href=\"http:\/\/kgv.at\/category\/brunnerwiese\/\">Brunnerwiese<\/a> (BW)<\/p>\n\n\n\n<p>Die Gruppe Brunnerwiese wurde 1950 gegr\u00fcndet und umfasst 40 Parzellen auf einer Gesamtfl\u00e4che von rund 11.300 m\u00b2. Auch hier ist durch die Widmung Eklw ganzj\u00e4hriges Wohnen m\u00f6glich.<\/p>\n\n\n\n<figure class=\"wp-block-image size-large is-resized\"><img loading=\"lazy\" decoding=\"async\" width=\"1024\" height=\"768\" src=\"http:\/\/waldemar.kgv.at\/wp-content\/uploads\/2022\/07\/Gruppe-Brunnerwiese-2009-1024x768.jpg\" alt=\"\" class=\"wp-image-1184\" style=\"width:529px;height:397px\" srcset=\"https:\/\/kgv.at\/wp-content\/uploads\/2022\/07\/Gruppe-Brunnerwiese-2009-1024x768.jpg 1024w, https:\/\/kgv.at\/wp-content\/uploads\/2022\/07\/Gruppe-Brunnerwiese-2009-300x225.jpg 300w, https:\/\/kgv.at\/wp-content\/uploads\/2022\/07\/Gruppe-Brunnerwiese-2009-768x576.jpg 768w, https:\/\/kgv.at\/wp-content\/uploads\/2022\/07\/Gruppe-Brunnerwiese-2009-1536x1152.jpg 1536w, https:\/\/kgv.at\/wp-content\/uploads\/2022\/07\/Gruppe-Brunnerwiese-2009-2048x1536.jpg 2048w, https:\/\/kgv.at\/wp-content\/uploads\/2022\/07\/Gruppe-Brunnerwiese-2009-16x12.jpg 16w, https:\/\/kgv.at\/wp-content\/uploads\/2022\/07\/Gruppe-Brunnerwiese-2009-24x18.jpg 24w, https:\/\/kgv.at\/wp-content\/uploads\/2022\/07\/Gruppe-Brunnerwiese-2009-36x27.jpg 36w, https:\/\/kgv.at\/wp-content\/uploads\/2022\/07\/Gruppe-Brunnerwiese-2009-48x36.jpg 48w\" sizes=\"auto, (max-width: 1024px) 100vw, 1024px\" \/><figcaption class=\"wp-element-caption\"><em>Gruppe Brunnerwiese, 2009<\/em><\/figcaption><\/figure>\n\n\n\n<div style=\"height:100px\" aria-hidden=\"true\" class=\"wp-block-spacer\"><\/div>\n\n\n\n<p><a href=\"http:\/\/kgv.at\/category\/dehnepark\/\">Dehnepark<\/a> (DP)<\/p>\n\n\n\n<p>Die Gruppe Dehnepark wurde 1915 gegr\u00fcndet und umfasst 27 Parzellen auf einer Gesamtfl\u00e4che von rund 13.200 m\u00b2. Auch hier ist durch die Widmung Eklw ganzj\u00e4hriges Wohnen m\u00f6glich.<\/p>\n\n\n\n<figure class=\"wp-block-image size-large is-resized\"><img loading=\"lazy\" decoding=\"async\" width=\"1024\" height=\"712\" src=\"http:\/\/waldemar.kgv.at\/wp-content\/uploads\/2022\/07\/Gruppe_Dehnepark__um_1930-1024x712.jpg\" alt=\"\" class=\"wp-image-1186\" style=\"width:531px;height:368px\" srcset=\"https:\/\/kgv.at\/wp-content\/uploads\/2022\/07\/Gruppe_Dehnepark__um_1930-1024x712.jpg 1024w, https:\/\/kgv.at\/wp-content\/uploads\/2022\/07\/Gruppe_Dehnepark__um_1930-300x209.jpg 300w, https:\/\/kgv.at\/wp-content\/uploads\/2022\/07\/Gruppe_Dehnepark__um_1930-768x534.jpg 768w, https:\/\/kgv.at\/wp-content\/uploads\/2022\/07\/Gruppe_Dehnepark__um_1930-1536x1068.jpg 1536w, https:\/\/kgv.at\/wp-content\/uploads\/2022\/07\/Gruppe_Dehnepark__um_1930-18x12.jpg 18w, https:\/\/kgv.at\/wp-content\/uploads\/2022\/07\/Gruppe_Dehnepark__um_1930-24x17.jpg 24w, https:\/\/kgv.at\/wp-content\/uploads\/2022\/07\/Gruppe_Dehnepark__um_1930-36x25.jpg 36w, https:\/\/kgv.at\/wp-content\/uploads\/2022\/07\/Gruppe_Dehnepark__um_1930-48x33.jpg 48w, https:\/\/kgv.at\/wp-content\/uploads\/2022\/07\/Gruppe_Dehnepark__um_1930.jpg 2033w\" sizes=\"auto, (max-width: 1024px) 100vw, 1024px\" \/><figcaption class=\"wp-element-caption\"><em>Gruppe Dehnepark, 1930<\/em><\/figcaption><\/figure>\n\n\n\n<div style=\"height:100px\" aria-hidden=\"true\" class=\"wp-block-spacer\"><\/div>\n\n\n\n<p><a href=\"http:\/\/kgv.at\/category\/raimannstrasse\/\">Raimannstra\u00dfe<\/a> (RST)<\/p>\n\n\n\n<p>Die Gruppe Raimannstra\u00dfe wurde 1920 gegr\u00fcndet und umfasst 71 Parzellen auf einer Gesamtfl\u00e4che von rund 33.600 m\u00b2. Auch hier ist durch die Widmung Eklw ganzj\u00e4hriges Wohnen m\u00f6glich.<\/p>\n\n\n\n<figure class=\"wp-block-image size-large is-resized\"><img loading=\"lazy\" decoding=\"async\" width=\"1024\" height=\"768\" src=\"http:\/\/waldemar.kgv.at\/wp-content\/uploads\/2022\/07\/Gruppe-Raimannstrasse-2009-1024x768.jpg\" alt=\"\" class=\"wp-image-1189\" style=\"width:542px;height:407px\" srcset=\"https:\/\/kgv.at\/wp-content\/uploads\/2022\/07\/Gruppe-Raimannstrasse-2009-1024x768.jpg 1024w, https:\/\/kgv.at\/wp-content\/uploads\/2022\/07\/Gruppe-Raimannstrasse-2009-300x225.jpg 300w, https:\/\/kgv.at\/wp-content\/uploads\/2022\/07\/Gruppe-Raimannstrasse-2009-768x576.jpg 768w, https:\/\/kgv.at\/wp-content\/uploads\/2022\/07\/Gruppe-Raimannstrasse-2009-1536x1152.jpg 1536w, https:\/\/kgv.at\/wp-content\/uploads\/2022\/07\/Gruppe-Raimannstrasse-2009-2048x1536.jpg 2048w, https:\/\/kgv.at\/wp-content\/uploads\/2022\/07\/Gruppe-Raimannstrasse-2009-16x12.jpg 16w, https:\/\/kgv.at\/wp-content\/uploads\/2022\/07\/Gruppe-Raimannstrasse-2009-24x18.jpg 24w, https:\/\/kgv.at\/wp-content\/uploads\/2022\/07\/Gruppe-Raimannstrasse-2009-36x27.jpg 36w, https:\/\/kgv.at\/wp-content\/uploads\/2022\/07\/Gruppe-Raimannstrasse-2009-48x36.jpg 48w\" sizes=\"auto, (max-width: 1024px) 100vw, 1024px\" \/><figcaption class=\"wp-element-caption\"><em>Gruppe Raimannstra\u00dfe, 2009<\/em><\/figcaption><\/figure>\n\n\n\n<div style=\"height:100px\" aria-hidden=\"true\" class=\"wp-block-spacer\"><\/div>\n\n\n\n<p><a href=\"http:\/\/kgv.at\/category\/stammanlage\/\">Rosental Stammanlage<\/a> (R)<\/p>\n\n\n\n<p>Die Gruppe Stammanlage Rosental wurde 1911 gegr\u00fcndet und umfasst in den Untergruppen A bis E insgesamt 269 Parzellen auf einer Gesamtfl\u00e4che von rund 117.300 m\u00b2. In der Gruppe ist durch die Widmung Eklw ganzj\u00e4hriges Wohnen m\u00f6glich.<\/p>\n\n\n\n<p>Anmeldungen sind derzeit nicht m\u00f6glich.<br>Sprechstunden: April bis Oktober jeden Montag zwischen 15 und 16 Uhr und nach telefonischer Vereinbarung.<\/p>\n\n\n\n<p><strong>Gruppenleitung Stammanlage<\/strong><\/p>\n\n\n\n<p>Gruppenleiter:               Ernst K\u00e4stner<\/p>\n\n\n\n<p>Gruppenleiter-Stv:&nbsp;       Susanne Schenk<\/p>\n\n\n\n<p>Kassierin:                     Hannelore K\u00f6chelhuber<\/p>\n\n\n\n<p>Kassierin-Stv.:              Alfred Krcal<\/p>\n\n\n\n<p>Schriftf\u00fchrerin:             Renate Ruzek<\/p>\n\n\n\n<p>Gartenfachberaterin:&nbsp;  Susanne Schenk<\/p>\n\n\n\n<p>Kontrolle:&nbsp;                    Anna-Luise Kotzian<\/p>\n\n\n\n<p><strong>Funktion\u00e4re<\/strong><\/p>\n\n\n\n<p>(und damit ihre ersten Ansprechpartner bei Problemen, W\u00fcnschen etc.)<\/p>\n\n\n\n<p>Gr. A:&nbsp;Rudolf K\u00f6chelhuber<\/p>\n\n\n\n<p>Gr. B:&nbsp;Ernst K\u00e4stner<\/p>\n\n\n\n<p>Gr. C: Egon Sedlmayer<\/p>\n\n\n\n<p>Gr. D+E:&nbsp;Susanne Schenk<\/p>\n\n\n\n<figure class=\"wp-block-image size-large is-resized\"><img loading=\"lazy\" decoding=\"async\" width=\"1024\" height=\"683\" src=\"http:\/\/waldemar.kgv.at\/wp-content\/uploads\/2022\/07\/Stammanlage-1024x683.jpg\" alt=\"Gruppe Rosental Stammanlage\" class=\"wp-image-1249\" style=\"width:561px;height:374px\" srcset=\"https:\/\/kgv.at\/wp-content\/uploads\/2022\/07\/Stammanlage-1024x683.jpg 1024w, https:\/\/kgv.at\/wp-content\/uploads\/2022\/07\/Stammanlage-300x200.jpg 300w, https:\/\/kgv.at\/wp-content\/uploads\/2022\/07\/Stammanlage-768x512.jpg 768w, https:\/\/kgv.at\/wp-content\/uploads\/2022\/07\/Stammanlage-1536x1024.jpg 1536w, https:\/\/kgv.at\/wp-content\/uploads\/2022\/07\/Stammanlage-2048x1365.jpg 2048w, https:\/\/kgv.at\/wp-content\/uploads\/2022\/07\/Stammanlage-18x12.jpg 18w, https:\/\/kgv.at\/wp-content\/uploads\/2022\/07\/Stammanlage-24x16.jpg 24w, https:\/\/kgv.at\/wp-content\/uploads\/2022\/07\/Stammanlage-36x24.jpg 36w, https:\/\/kgv.at\/wp-content\/uploads\/2022\/07\/Stammanlage-48x32.jpg 48w\" sizes=\"auto, (max-width: 1024px) 100vw, 1024px\" \/><figcaption class=\"wp-element-caption\"><em>Gruppe Rosental Stammanlage<\/em><\/figcaption><\/figure>\n\n\n\n<div style=\"height:100px\" aria-hidden=\"true\" class=\"wp-block-spacer\"><\/div>\n\n\n\n<p><a href=\"http:\/\/kgv.at\/category\/sanatoriumstrasse\/\">Sanatoriumstra\u00dfe<\/a> (SAN)<\/p>\n\n\n\n<p>Die Gruppe Sanatoriumstra\u00dfe wurde 1916 gegr\u00fcndet und umfasst 9 Parzellen auf einer Gesamtfl\u00e4che von rund 2.900 m\u00b2. Auch hier ist durch die Widmung Eklw ganzj\u00e4hriges Wohnen m\u00f6glich.<\/p>\n\n\n\n<figure class=\"wp-block-image size-large is-resized\"><img loading=\"lazy\" decoding=\"async\" width=\"1024\" height=\"768\" src=\"http:\/\/waldemar.kgv.at\/wp-content\/uploads\/2022\/07\/Gruppe-Sanatoriumstrasse-2009--1024x768.jpg\" alt=\"\" class=\"wp-image-1194\" style=\"width:551px;height:413px\" srcset=\"https:\/\/kgv.at\/wp-content\/uploads\/2022\/07\/Gruppe-Sanatoriumstrasse-2009--1024x768.jpg 1024w, https:\/\/kgv.at\/wp-content\/uploads\/2022\/07\/Gruppe-Sanatoriumstrasse-2009--300x225.jpg 300w, https:\/\/kgv.at\/wp-content\/uploads\/2022\/07\/Gruppe-Sanatoriumstrasse-2009--768x576.jpg 768w, https:\/\/kgv.at\/wp-content\/uploads\/2022\/07\/Gruppe-Sanatoriumstrasse-2009--1536x1152.jpg 1536w, https:\/\/kgv.at\/wp-content\/uploads\/2022\/07\/Gruppe-Sanatoriumstrasse-2009--2048x1536.jpg 2048w, https:\/\/kgv.at\/wp-content\/uploads\/2022\/07\/Gruppe-Sanatoriumstrasse-2009--16x12.jpg 16w, https:\/\/kgv.at\/wp-content\/uploads\/2022\/07\/Gruppe-Sanatoriumstrasse-2009--24x18.jpg 24w, https:\/\/kgv.at\/wp-content\/uploads\/2022\/07\/Gruppe-Sanatoriumstrasse-2009--36x27.jpg 36w, https:\/\/kgv.at\/wp-content\/uploads\/2022\/07\/Gruppe-Sanatoriumstrasse-2009--48x36.jpg 48w\" sizes=\"auto, (max-width: 1024px) 100vw, 1024px\" \/><figcaption class=\"wp-element-caption\"><em>Gruppe Sanatoriumsstra\u00dfe, 2009<\/em><\/figcaption><\/figure>\n\n\n\n\n\n\n\n<div style=\"height:100px\" aria-hidden=\"true\" class=\"wp-block-spacer\"><\/div>\n\n\n\n<p><a href=\"http:\/\/kgv.at\/category\/satzberg-alt\/\">Satzberg Alt<\/a> (SA)<\/p>\n\n\n\n<p>Die Gruppe Satzberg Alt wurde 1920 gegr\u00fcndet und umfasst 197 Parzellen auf einer Gesamtfl\u00e4che von rund 102.200 m\u00b2. Sie liegt am Beginn des Wienerwaldes, eingebettet zwischen dem Wilhelminenberg und Satzberg. Auch hier ist durch die Widmung Eklw ganzj\u00e4hriges Wohnen m\u00f6glich.<br>Durch die exponierte Lage hat die Gruppe einen H\u00f6henunterschied von 90 Metern. Von den meisten Parzellen hat man einen herrlichen Ausblick auf das Geschehen in der Stadt. <br>Fragen und Ausk\u00fcnfte erhalten Sie unter 0677\/625 764 66 oder satzberg-alt@gmx.at<\/p>\n\n\n\n<figure class=\"wp-block-image size-large is-resized\"><img loading=\"lazy\" decoding=\"async\" width=\"1024\" height=\"544\" src=\"http:\/\/waldemar.kgv.at\/wp-content\/uploads\/2022\/07\/Satzberg-Alt-1024x544.jpg\" alt=\"\" class=\"wp-image-1250\" style=\"width:551px;height:293px\" srcset=\"https:\/\/kgv.at\/wp-content\/uploads\/2022\/07\/Satzberg-Alt-1024x544.jpg 1024w, https:\/\/kgv.at\/wp-content\/uploads\/2022\/07\/Satzberg-Alt-300x159.jpg 300w, https:\/\/kgv.at\/wp-content\/uploads\/2022\/07\/Satzberg-Alt-768x408.jpg 768w, https:\/\/kgv.at\/wp-content\/uploads\/2022\/07\/Satzberg-Alt-1536x816.jpg 1536w, https:\/\/kgv.at\/wp-content\/uploads\/2022\/07\/Satzberg-Alt-2048x1088.jpg 2048w, https:\/\/kgv.at\/wp-content\/uploads\/2022\/07\/Satzberg-Alt-18x10.jpg 18w, https:\/\/kgv.at\/wp-content\/uploads\/2022\/07\/Satzberg-Alt-24x13.jpg 24w, https:\/\/kgv.at\/wp-content\/uploads\/2022\/07\/Satzberg-Alt-36x19.jpg 36w, https:\/\/kgv.at\/wp-content\/uploads\/2022\/07\/Satzberg-Alt-48x25.jpg 48w\" sizes=\"auto, (max-width: 1024px) 100vw, 1024px\" \/><figcaption class=\"wp-element-caption\"><em>Gruppe Satzberg alt, 1923<\/em><\/figcaption><\/figure>\n\n\n\n<div style=\"height:100px\" aria-hidden=\"true\" class=\"wp-block-spacer\"><\/div>\n\n\n\n<p><a href=\"http:\/\/kgv.at\/category\/satzberg-neu\/\">Satzberg Neu<\/a> (SN)<\/p>\n\n\n\n<p>Die Gruppe Satzberg Neu wurde 1931 gegr\u00fcndet und umfasst 83 Parzellen auf einer Gesamtfl\u00e4che von rund 30.100 m\u00b2. Auch hier ist durch die Widmung Eklw ganzj\u00e4hriges Wohnen m\u00f6glich.<\/p>\n\n\n\n<figure class=\"wp-block-image size-large is-resized\"><img loading=\"lazy\" decoding=\"async\" width=\"1024\" height=\"619\" src=\"http:\/\/waldemar.kgv.at\/wp-content\/uploads\/2022\/07\/Gruppe_Satzberg_Neu__um_1935-1024x619.jpg\" alt=\"\" class=\"wp-image-1200\" style=\"width:533px;height:322px\" srcset=\"https:\/\/kgv.at\/wp-content\/uploads\/2022\/07\/Gruppe_Satzberg_Neu__um_1935-1024x619.jpg 1024w, https:\/\/kgv.at\/wp-content\/uploads\/2022\/07\/Gruppe_Satzberg_Neu__um_1935-300x181.jpg 300w, https:\/\/kgv.at\/wp-content\/uploads\/2022\/07\/Gruppe_Satzberg_Neu__um_1935-768x464.jpg 768w, https:\/\/kgv.at\/wp-content\/uploads\/2022\/07\/Gruppe_Satzberg_Neu__um_1935-1536x928.jpg 1536w, https:\/\/kgv.at\/wp-content\/uploads\/2022\/07\/Gruppe_Satzberg_Neu__um_1935-2048x1238.jpg 2048w, https:\/\/kgv.at\/wp-content\/uploads\/2022\/07\/Gruppe_Satzberg_Neu__um_1935-18x12.jpg 18w, https:\/\/kgv.at\/wp-content\/uploads\/2022\/07\/Gruppe_Satzberg_Neu__um_1935-24x15.jpg 24w, https:\/\/kgv.at\/wp-content\/uploads\/2022\/07\/Gruppe_Satzberg_Neu__um_1935-36x22.jpg 36w, https:\/\/kgv.at\/wp-content\/uploads\/2022\/07\/Gruppe_Satzberg_Neu__um_1935-48x29.jpg 48w\" sizes=\"auto, (max-width: 1024px) 100vw, 1024px\" \/><figcaption class=\"wp-element-caption\"><em>Gruppe Satzberg neu, 1935<\/em><\/figcaption><\/figure>\n\n\n\n<div style=\"height:100px\" aria-hidden=\"true\" class=\"wp-block-spacer\"><\/div>\n\n\n\n<p><a href=\"http:\/\/kgv.at\/category\/stanaboden\/\">Stanaboden<\/a> (SB)<\/p>\n\n\n\n<p>Die Gruppe Stanaboden wurde 1916 gegr\u00fcndet und umfasst 19 Parzellen auf einer Gesamtfl\u00e4che von rund 5.400 m\u00b2. Auch hier ist durch die fast vollst\u00e4ndige Widmung Eklw ganzj\u00e4hriges Wohnen m\u00f6glich.<\/p>\n\n\n\n<figure class=\"wp-block-image size-large is-resized\"><img loading=\"lazy\" decoding=\"async\" width=\"1024\" height=\"566\" src=\"http:\/\/waldemar.kgv.at\/wp-content\/uploads\/2022\/07\/Gruppe_Stanaboden__1916-1024x566.jpg\" alt=\"\" class=\"wp-image-1201\" style=\"width:528px;height:291px\" srcset=\"https:\/\/kgv.at\/wp-content\/uploads\/2022\/07\/Gruppe_Stanaboden__1916-1024x566.jpg 1024w, https:\/\/kgv.at\/wp-content\/uploads\/2022\/07\/Gruppe_Stanaboden__1916-300x166.jpg 300w, https:\/\/kgv.at\/wp-content\/uploads\/2022\/07\/Gruppe_Stanaboden__1916-768x424.jpg 768w, https:\/\/kgv.at\/wp-content\/uploads\/2022\/07\/Gruppe_Stanaboden__1916-1536x848.jpg 1536w, https:\/\/kgv.at\/wp-content\/uploads\/2022\/07\/Gruppe_Stanaboden__1916-2048x1131.jpg 2048w, https:\/\/kgv.at\/wp-content\/uploads\/2022\/07\/Gruppe_Stanaboden__1916-18x10.jpg 18w, https:\/\/kgv.at\/wp-content\/uploads\/2022\/07\/Gruppe_Stanaboden__1916-24x13.jpg 24w, https:\/\/kgv.at\/wp-content\/uploads\/2022\/07\/Gruppe_Stanaboden__1916-36x20.jpg 36w, https:\/\/kgv.at\/wp-content\/uploads\/2022\/07\/Gruppe_Stanaboden__1916-48x27.jpg 48w\" sizes=\"auto, (max-width: 1024px) 100vw, 1024px\" \/><figcaption class=\"wp-element-caption\"><em>Gruppe Stanaboden 1916<\/em><\/figcaption><\/figure>\n\n\n\n<div style=\"height:100px\" aria-hidden=\"true\" class=\"wp-block-spacer\"><\/div>\n\n\n\n<p><a href=\"http:\/\/kgv.at\/category\/starchantsaigen\/\">Starchantsaigen<\/a> (STA)<\/p>\n\n\n\n<p>Die Gruppe Starchantsaigen wurde 1921 gegr\u00fcndet und umfasst 79 Parzellen auf einer Gesamtfl\u00e4che von rund 26.700 m\u00b2. Auch hier ist durch die Widmung Eklw ganzj\u00e4hriges Wohnen m\u00f6glich.<\/p>\n\n\n\n<figure class=\"wp-block-image size-large is-resized\"><img loading=\"lazy\" decoding=\"async\" width=\"1024\" height=\"762\" src=\"http:\/\/waldemar.kgv.at\/wp-content\/uploads\/2022\/07\/Gruppe-Starchantaigen-1930-1024x762.jpg\" alt=\"\" class=\"wp-image-1202\" style=\"width:539px;height:399px\" srcset=\"https:\/\/kgv.at\/wp-content\/uploads\/2022\/07\/Gruppe-Starchantaigen-1930-1024x762.jpg 1024w, https:\/\/kgv.at\/wp-content\/uploads\/2022\/07\/Gruppe-Starchantaigen-1930-300x223.jpg 300w, https:\/\/kgv.at\/wp-content\/uploads\/2022\/07\/Gruppe-Starchantaigen-1930-768x572.jpg 768w, https:\/\/kgv.at\/wp-content\/uploads\/2022\/07\/Gruppe-Starchantaigen-1930-1536x1143.jpg 1536w, https:\/\/kgv.at\/wp-content\/uploads\/2022\/07\/Gruppe-Starchantaigen-1930-2048x1524.jpg 2048w, https:\/\/kgv.at\/wp-content\/uploads\/2022\/07\/Gruppe-Starchantaigen-1930-16x12.jpg 16w, https:\/\/kgv.at\/wp-content\/uploads\/2022\/07\/Gruppe-Starchantaigen-1930-24x18.jpg 24w, https:\/\/kgv.at\/wp-content\/uploads\/2022\/07\/Gruppe-Starchantaigen-1930-36x27.jpg 36w, https:\/\/kgv.at\/wp-content\/uploads\/2022\/07\/Gruppe-Starchantaigen-1930-48x36.jpg 48w\" sizes=\"auto, (max-width: 1024px) 100vw, 1024px\" \/><figcaption class=\"wp-element-caption\"><em>Gruppe Starchantaigen, 1930<\/em><\/figcaption><\/figure>\n\n\n\n<div style=\"height:100px\" aria-hidden=\"true\" class=\"wp-block-spacer\"><\/div>\n\n\n\n<p><a href=\"http:\/\/kgv.at\/category\/volksheim\/\">Volksheim<\/a> (VH)<\/p>\n\n\n\n<p>Die Gruppe Volksheim wurde 1911 gegr\u00fcndet und umfasst 24 Parzellen auf einer Gesamtfl\u00e4che von rund 9.500 m\u00b2. Auch hier ist durch die Widmung Eklw ganzj\u00e4hriges Wohnen m\u00f6glich.<\/p>\n\n\n\n<figure class=\"wp-block-image size-large is-resized\"><img loading=\"lazy\" decoding=\"async\" width=\"1024\" height=\"639\" src=\"http:\/\/waldemar.kgv.at\/wp-content\/uploads\/2022\/07\/Gruppe_Volksheim__um_1920-1024x639.jpg\" alt=\"\" class=\"wp-image-1205\" style=\"width:534px;height:332px\" srcset=\"https:\/\/kgv.at\/wp-content\/uploads\/2022\/07\/Gruppe_Volksheim__um_1920-1024x639.jpg 1024w, https:\/\/kgv.at\/wp-content\/uploads\/2022\/07\/Gruppe_Volksheim__um_1920-300x187.jpg 300w, https:\/\/kgv.at\/wp-content\/uploads\/2022\/07\/Gruppe_Volksheim__um_1920-768x479.jpg 768w, https:\/\/kgv.at\/wp-content\/uploads\/2022\/07\/Gruppe_Volksheim__um_1920-1536x959.jpg 1536w, https:\/\/kgv.at\/wp-content\/uploads\/2022\/07\/Gruppe_Volksheim__um_1920-2048x1278.jpg 2048w, https:\/\/kgv.at\/wp-content\/uploads\/2022\/07\/Gruppe_Volksheim__um_1920-18x12.jpg 18w, https:\/\/kgv.at\/wp-content\/uploads\/2022\/07\/Gruppe_Volksheim__um_1920-24x15.jpg 24w, https:\/\/kgv.at\/wp-content\/uploads\/2022\/07\/Gruppe_Volksheim__um_1920-36x22.jpg 36w, https:\/\/kgv.at\/wp-content\/uploads\/2022\/07\/Gruppe_Volksheim__um_1920-48x30.jpg 48w\" sizes=\"auto, (max-width: 1024px) 100vw, 1024px\" \/><figcaption class=\"wp-element-caption\"><em>Gruppe Volksheim, 1930<\/em><\/figcaption><\/figure>\n","protected":false},"excerpt":{"rendered":"<p>Zum KGV Rosental geh\u00f6ren zw\u00f6lf Gruppen, die um das Otto-Wagner-Spital und die Steinhofgr\u00fcnde angesiedelt sind. \u00dcbersicht: An der Steinhofmauer = STF, Baumgartner H\u00f6he = BH, Brunnerwiese = BW, Dehnepark = DP, Raimannstra\u00dfe = RST, Sanatoriumstra\u00dfe = SAN, Satzberg Alt = SA, Satzberg Neu = SN, Stammanlage Rosental = R, Stanaboden = SB, Starchanstsaigen = STA, [&hellip;]<\/p>\n","protected":false},"author":1,"featured_media":0,"parent":0,"menu_order":0,"comment_status":"closed","ping_status":"closed","template":"","meta":{"arc_restricted_post":false,"wp_mapbox_gl_js_media":[],"_mi_skip_tracking":false,"_monsterinsights_sitenote_active":false,"_monsterinsights_sitenote_note":"","_monsterinsights_sitenote_category":0,"ngg_post_thumbnail":0,"footnotes":""},"class_list":["post-54","page","type-page","status-publish","hentry"],"_links":{"self":[{"href":"https:\/\/kgv.at\/index.php?rest_route=\/wp\/v2\/pages\/54","targetHints":{"allow":["GET"]}}],"collection":[{"href":"https:\/\/kgv.at\/index.php?rest_route=\/wp\/v2\/pages"}],"about":[{"href":"https:\/\/kgv.at\/index.php?rest_route=\/wp\/v2\/types\/page"}],"author":[{"embeddable":true,"href":"https:\/\/kgv.at\/index.php?rest_route=\/wp\/v2\/users\/1"}],"replies":[{"embeddable":true,"href":"https:\/\/kgv.at\/index.php?rest_route=%2Fwp%2Fv2%2Fcomments&post=54"}],"version-history":[{"count":71,"href":"https:\/\/kgv.at\/index.php?rest_route=\/wp\/v2\/pages\/54\/revisions"}],"predecessor-version":[{"id":1397,"href":"https:\/\/kgv.at\/index.php?rest_route=\/wp\/v2\/pages\/54\/revisions\/1397"}],"wp:attachment":[{"href":"https:\/\/kgv.at\/index.php?rest_route=%2Fwp%2Fv2%2Fmedia&parent=54"}],"curies":[{"name":"wp","href":"https:\/\/api.w.org\/{rel}","templated":true}]}}