
	{"id":56,"date":"2022-05-02T13:50:07","date_gmt":"2022-05-02T11:50:07","guid":{"rendered":"http:\/\/waldemar.kgv.at\/?page_id=56"},"modified":"2022-07-09T14:21:12","modified_gmt":"2022-07-09T12:21:12","slug":"links","status":"publish","type":"page","link":"https:\/\/kgv.at\/?page_id=56","title":{"rendered":"Links"},"content":{"rendered":"\n<p><a rel=\"noreferrer noopener\" href=\"http:\/\/www.kleingaertner.at\/\" target=\"_blank\">Der Zentralverband der Kleing\u00e4rtner und Siedler \u00d6sterreichs: <\/a>ist der 1916 gegr\u00fcndete Dachverband und die Interessensvertretung der Kleing\u00e4rtner in \u00d6sterreich.<\/p>\n\n\n\n<p>Hier finden sie das aktuelle <a href=\"https:\/\/www.ris.bka.gv.at\/GeltendeFassung.wxe?Abfrage=LrW&amp;Gesetzesnummer=20000061\">Kleingartengesetz.<\/a><\/p>\n\n\n\n<p>Die <a rel=\"noreferrer noopener\" href=\"https:\/\/www.wien.gv.at\/stadtentwicklung\/stadtvermessung\/\" target=\"_blank\">MA41<\/a> ist f\u00fcr die Stadtvermessung zust\u00e4ndig. Hier k\u00f6nnen sie z.B. die aktuelle Mehrzweckkarte, das Gel\u00e4ndemodell oder das dreidimensionale Stadtmodell herunterladen.<\/p>\n\n\n\n<p>Informationen rund um Amtswege finden man auf der Seite des <a rel=\"noreferrer noopener\" href=\"https:\/\/www.help.gv.at\/Portal.Node\/hlpd\/public\" target=\"_blank\">Bundeskanzleramtes<\/a><\/p>\n\n\n\n\n","protected":false},"excerpt":{"rendered":"<p>Der Zentralverband der Kleing\u00e4rtner und Siedler \u00d6sterreichs: ist der 1916 gegr\u00fcndete Dachverband und die Interessensvertretung der Kleing\u00e4rtner in \u00d6sterreich. Hier finden sie das aktuelle Kleingartengesetz. Die MA41 ist f\u00fcr die Stadtvermessung zust\u00e4ndig. Hier k\u00f6nnen sie z.B. die aktuelle Mehrzweckkarte, das Gel\u00e4ndemodell oder das dreidimensionale Stadtmodell herunterladen. Informationen rund um Amtswege finden man auf der Seite [&hellip;]<\/p>\n","protected":false},"author":1,"featured_media":0,"parent":0,"menu_order":0,"comment_status":"closed","ping_status":"closed","template":"","meta":{"arc_restricted_post":false,"wp_mapbox_gl_js_media":[],"_mi_skip_tracking":false,"_monsterinsights_sitenote_active":false,"_monsterinsights_sitenote_note":"","_monsterinsights_sitenote_category":0,"ngg_post_thumbnail":0,"footnotes":""},"class_list":["post-56","page","type-page","status-publish","hentry"],"_links":{"self":[{"href":"https:\/\/kgv.at\/index.php?rest_route=\/wp\/v2\/pages\/56","targetHints":{"allow":["GET"]}}],"collection":[{"href":"https:\/\/kgv.at\/index.php?rest_route=\/wp\/v2\/pages"}],"about":[{"href":"https:\/\/kgv.at\/index.php?rest_route=\/wp\/v2\/types\/page"}],"author":[{"embeddable":true,"href":"https:\/\/kgv.at\/index.php?rest_route=\/wp\/v2\/users\/1"}],"replies":[{"embeddable":true,"href":"https:\/\/kgv.at\/index.php?rest_route=%2Fwp%2Fv2%2Fcomments&post=56"}],"version-history":[{"count":7,"href":"https:\/\/kgv.at\/index.php?rest_route=\/wp\/v2\/pages\/56\/revisions"}],"predecessor-version":[{"id":1235,"href":"https:\/\/kgv.at\/index.php?rest_route=\/wp\/v2\/pages\/56\/revisions\/1235"}],"wp:attachment":[{"href":"https:\/\/kgv.at\/index.php?rest_route=%2Fwp%2Fv2%2Fmedia&parent=56"}],"curies":[{"name":"wp","href":"https:\/\/api.w.org\/{rel}","templated":true}]}}